{"id":2413,"date":"2025-03-06T23:12:16","date_gmt":"2025-03-06T23:12:16","guid":{"rendered":"https:\/\/mikeshardwwstg.wpenginepowered.com\/es\/?post_type=product&#038;p=2413"},"modified":"2026-02-18T12:05:10","modified_gmt":"2026-02-18T12:05:10","slug":"mikes-variety-zero-sugar","status":"publish","type":"product","link":"https:\/\/www.mikeshard.com\/es\/products\/mikes-variety-zero-sugar\/","title":{"rendered":"Zero Sugar \u2013 Caja de sabores surtidos"},"content":{"rendered":"<section class=\"product-details\">\n    <div class=\"product-details__wrapper\">\n        \n<div class=\"product-details__content\">\n    \n<div style=\"--product-background-color: #F6F6F6;\" class=\"product-details__images has-bg-color wp-block-markanthonygroup-product-details-image\">\n    <div class=\"product-details__image product-details__image--pack\">\n        <div class=\"product-details__image-wrapper\">\n                            <img decoding=\"async\" src=\"https:\/\/www.mikeshard.com\/es\/wp-content\/uploads\/sites\/2\/2025\/03\/Mikes-Hard_US_12oz_12Pk_VP_LAF-Plunge.png?t=1741302675932\"\n                    alt=\"\" class=\"product-details__img-large\" \/>\n                                <\/div>\n    <\/div>\n<\/div>\n\n<div class=\"product-details__body\">\n    <div class=\"product-details__breadcrumb\">\n                                                    <div class=\"product-details__breadcrumb-item product-details__breadcrumb-item--brand\">\n                    <a href=\"\/es\/mikes-all-products\" class=\"product-details__breadcrumb-text\">Mike\u2019s Hard<\/a>\n                <\/div>\n                                    <span class=\"product-details__breadcrumb-divider\">\/<\/span>\n                                                            <div class=\"product-details__breadcrumb-item product-details__breadcrumb-item--category\">\n                    <a href=\"\/es\/mikes-all-products\/#mikes-zero-sugar\" class=\"product-details__breadcrumb-text\">Zero Sugar<\/a>\n                <\/div>\n                                        <\/div>\n        \n<h1 class=\"product-details__title\">Zero Sugar \u2013 Caja de sabores surtidos<\/h1>\n\n    <div class=\"product-details__description\">\n        <p class=\"product-details__description-text\">\u00a1Todos los deliciosos sabores de Mike\u2019s Hard Lemonade, ahora disponibles en una caja de sabores surtidos con cero az\u00facar.<br \/>\r\n<br \/>\r\nPor cada 12 fl. oz \u2013 An\u00e1lisis promedio: 100 calor\u00edas, 13g de carbohidratos, 0g de prote\u00edna, 0g de grasa<\/p>\n    <\/div>\n    \n\n\n<div class=\"wp-block-buttons is-layout-flex wp-block-buttons-is-layout-flex\">\n<div class=\"wp-block-button\"><a class=\"wp-block-button__link wp-element-button\" href=\"#locator-container\">Comprar<\/a><\/div>\n<\/div>\n\n\n<div class=\"product-details__sizes\">\n    <div class=\"product-details__subheading\">Tama\u00f1os disponibles<\/div>\n    <div class=\"product-details__sizes-preview\">\n                                    <div class=\"product-details__size-item\">\n                    <div class=\"product-details__size-icon\">\n                                                    <img decoding=\"async\" src=\"https:\/\/www.mikeshard.com\/es\/wp-content\/uploads\/sites\/2\/2026\/02\/product-size-icon-12oz.svg\" alt=\"12oz\" \/>\n                                            <\/div>\n                    <div class=\"product-details__size-text\">\n                        12oz                    <\/div>\n                <\/div>\n                        <\/div>\n<\/div>\n\n<div class=\"product-details__packs\">\n    <div class=\"product-details__subheading\">Cajas disponibles<\/div>\n    <div class=\"product-details__packs-preview\">\n                                    <div class=\"product-details__pack-item\">\n                                          <div class=\"product-details__pack-text\">Caja de 12 latas variadas<\/div>\n                  <\/div>\n                      <\/div>\n<\/div>\n\n\n<div class=\"wtb-inpage-embed wp-block-markanthonygroup-product-locator-widget\" id=\"locator-container\" style=\"width: 80%; \" data-ean-list=\"\">\n<\/div>\n<\/div>\n<\/div>\n\n\n<div class=\"product-details__pack-contents\">\n    <h2 class=\"product-details__subheading product-details__subheading--large product-details__pack-contents-heading\">\u00bfQu\u00e9 hay en la caja?<\/h2>\n    <ul class=\"product-details__flavor-list\">\n                    <li class=\"product-details__flavor-item\" data-flavor-id=\"2029\" >\n                <a class=\"product-details__flavor-link\" href=\"https:\/\/www.mikeshard.com\/es\/products\/mikes-zero-sugar-lemonade\/\">\n                    <img decoding=\"async\" src=\"https:\/\/www.mikeshard.com\/es\/wp-content\/uploads\/sites\/2\/2025\/02\/pdp-zero-sugar-lemonade.png?t=1739492424472\" alt=\"\" class=\"product-details__flavor-image\" \/>\n                                        <span class=\"product-details__flavor-name\">Lemonade Zero Sugar<\/span>\n                <\/a>\n            <\/li>\n                    <li class=\"product-details__flavor-item\" data-flavor-id=\"2099\" >\n                <a class=\"product-details__flavor-link\" href=\"https:\/\/www.mikeshard.com\/es\/products\/zero-sugar-strawberry\/\">\n                    <img decoding=\"async\" src=\"https:\/\/www.mikeshard.com\/es\/wp-content\/uploads\/sites\/2\/2025\/02\/MikesHard_US_12oz_Zero-Sugar_Strawberry_Wet-2.png?t=1739925826481\" alt=\"\" class=\"product-details__flavor-image\" \/>\n                                        <span class=\"product-details__flavor-name\">Strawberry Zero Sugar<\/span>\n                <\/a>\n            <\/li>\n                    <li class=\"product-details__flavor-item\" data-flavor-id=\"2032\" >\n                <a class=\"product-details__flavor-link\" href=\"https:\/\/www.mikeshard.com\/es\/products\/mikes-zero-sugar-mango\/\">\n                    <img decoding=\"async\" src=\"https:\/\/www.mikeshard.com\/es\/wp-content\/uploads\/sites\/2\/2025\/02\/pdp-zero-sugar-mango.png?t=1739492676723\" alt=\"\" class=\"product-details__flavor-image\" \/>\n                                        <span class=\"product-details__flavor-name\">Mango Zero Sugar<\/span>\n                <\/a>\n            <\/li>\n                    <li class=\"product-details__flavor-item\" data-flavor-id=\"2110\" >\n                <a class=\"product-details__flavor-link\" href=\"https:\/\/www.mikeshard.com\/es\/products\/mikes-zero-sugar-watermelon\/\">\n                    <img decoding=\"async\" src=\"https:\/\/www.mikeshard.com\/es\/wp-content\/uploads\/sites\/2\/2025\/02\/MikesHard_US_12oz_Zero-Sugar_Watermelon_Wet.png?t=1739926192948\" alt=\"\" class=\"product-details__flavor-image\" \/>\n                                        <span class=\"product-details__flavor-name\">Watermelon Zero Sugar<\/span>\n                <\/a>\n            <\/li>\n            <\/ul>\n<\/div>\n    <\/div>\n<\/section>\n\n\n<section class=\"section wp-block-markanthonygroup-section\" style=\"--title-color: #000000; --description-color: #000000; --background-color: #ffffff; \">\n        <h2 class=\"section__title\">\n        M\u00e1s de Mike&#8217;s    <\/h2>\n    \n        <p class=\"section__description\">\n        Ya sea que busques merch con estilo o que quieras conocer nuestra historia, tenemos todo lo que necesitas.    <\/p>\n    \n    \n<div class=\"content-cards wp-block-markanthonygroup-content-cards\" style=\"\">\n    \n\n\n<a class=\"content-card wp-block-markanthonygroup-content-card\" \" href=\" https:\/\/www.mikesharddaysrewards.com\/\" style=\"--title-color: #000000; --subtitle-color: #000000; --description-color: #000000; --hover-bg-color: #FFF7D2; --pointer-events: all;\"\n    target=\"_self\" data-dl-button-text=\"COMPRA LA MERCH\">\n\n    <div class=\"content-card__wrap-inner\">\n\n                <img decoding=\"async\" src=\"https:\/\/www.mikeshard.com\/es\/wp-content\/uploads\/sites\/2\/2025\/01\/content-card-1.png\" class=\"content-card__card\" alt=\"Merch de Mike\u2019s\" \/>\n                <div class=\"content-card__content-col\">\n\n                        <h3 class=\"content-card__title\">\n                Merch de Mike\u2019s            <\/h3>\n            \n            \n            \n            <div class=\"btn btn-primary content-card__button\">COMPRA LA MERCH<\/div>\n\n        <\/div>\n\n    <\/div>\n<\/a>\n\n\n\n<a class=\"content-card wp-block-markanthonygroup-content-card\" \" href=\" https:\/\/www.mikeshard.com\/es\/our-story\" style=\"--title-color: #000000; --subtitle-color: #000000; --description-color: #000000; --hover-bg-color: #FFF7D2; --pointer-events: all;\"\n    target=\"_self\" data-dl-button-text=\"DESCUBRE M\u00c1S\">\n\n    <div class=\"content-card__wrap-inner\">\n\n                <img decoding=\"async\" src=\"https:\/\/www.mikeshard.com\/es\/wp-content\/uploads\/sites\/2\/2025\/01\/content-card-3.png\" class=\"content-card__card\" alt=\"La historia de Mike\u2019s\" \/>\n                <div class=\"content-card__content-col\">\n\n                        <h3 class=\"content-card__title\">\n                La historia de Mike\u2019s            <\/h3>\n            \n            \n            \n            <div class=\"btn btn-primary content-card__button\">DESCUBRE M\u00c1S<\/div>\n\n        <\/div>\n\n    <\/div>\n<\/a>\n\n\n\n<a class=\"content-card wp-block-markanthonygroup-content-card\" \" href=\" \" style=\"--title-color: #000000; --subtitle-color: #000000; --description-color: #000000; --hover-bg-color: #FFF7D2; --pointer-events: none;\"\n    target=\"_self\" data-dl-button-text=\"PR\u00d3XIMAMENTE\">\n\n    <div class=\"content-card__wrap-inner\">\n\n                <img decoding=\"async\" src=\"https:\/\/www.mikeshard.com\/es\/wp-content\/uploads\/sites\/2\/2025\/01\/content-card-2.png\" class=\"content-card__card\" alt=\"Eventos de Mike\u2019s\" \/>\n                <div class=\"content-card__content-col\">\n\n                        <h3 class=\"content-card__title\">\n                Eventos de Mike\u2019s            <\/h3>\n            \n            \n            \n            <div class=\"btn btn-primary content-card__button\">PR\u00d3XIMAMENTE<\/div>\n\n        <\/div>\n\n    <\/div>\n<\/a>\n<\/div>\n<\/section>","protected":false},"featured_media":0,"template":"","meta":{"_acf_changed":false,"event_time_zone":"America\/Chicago","event_start_date":"","event_end_date":"","event_all_day":"false","event_address":"","event_subtitle":"","event_description":"","event_teaser":"Sun, sand, live bands, and an ice-cold Mike\u2019s in your hand\u2014what more could you want?","event_highlights":"","event_highlights_summary":"Highlights: Sun-soaked fun with live DJs, volleyball tournaments, and an endless supply of Mike\u2019s refreshing flavors.","event_bg_type":"color","event_bg_color":"#F6F6F6","event_bg_image":"","event_hide_from_upcoming_events":"false","event_hide_from_previous_events":"false","event_hide_from_event_calendar":"false","product_available_packs":"[\"38\"]","product_available_packs_order":"","product_available_sizes":"[\"49\"]","product_description":"\u00a1Todos los deliciosos sabores de Mike\u2019s Hard Lemonade, ahora disponibles en una caja de sabores surtidos con cero az\u00facar.\r\n\r\nPor cada 12 fl. oz \u2013 An\u00e1lisis promedio: 100 calor\u00edas, 13g de carbohidratos, 0g de prote\u00edna, 0g de grasa","product_background_image":"","product_background_color":"#F6F6F6","background_type":"color","product_image":"{\"id\":2414,\"url\":\"https:\/\/www.mikeshard.com\/es\/wp-content\/uploads\/sites\/2\/2025\/03\/Mikes-Hard_US_12oz_12Pk_VP_LAF-Plunge.png?t=1741302675932\",\"alt\":\"\"}","product_image_fruit":"","gradient_from":"#ed4225","gradient_to":"#fdbb05","pack_flavors":"[\"2029\",\"2099\",\"2032\",\"2110\"]","pack_amounts":"[\"3\",\"1\",\"3\",\"0\"]","product_type":"pack","product_badge":"","product_badge_color":"var(--wp--preset--color--brown)","footnotes":""},"product_type":[24,27],"product_sizes":[49],"product_packs":[38],"class_list":["post-2413","product","type-product","status-publish","hentry"],"acf":[],"yoast_head":"<!-- This site is optimized with the Yoast SEO plugin v27.2 - https:\/\/yoast.com\/product\/yoast-seo-wordpress\/ -->\n<title>Zero Sugar \u2013 Caja de sabores surtidos - Mike&#039;s Hard ES<\/title>\n<meta name=\"robots\" content=\"index, follow, max-snippet:-1, max-image-preview:large, max-video-preview:-1\" \/>\n<link rel=\"canonical\" href=\"https:\/\/www.mikeshard.com\/es\/products\/mikes-variety-zero-sugar\/\" \/>\n<meta property=\"og:locale\" content=\"es_ES\" \/>\n<meta property=\"og:type\" content=\"article\" \/>\n<meta property=\"og:title\" content=\"Zero Sugar \u2013 Caja de sabores surtidos - Mike&#039;s Hard ES\" \/>\n<meta property=\"og:url\" content=\"https:\/\/www.mikeshard.com\/es\/products\/mikes-variety-zero-sugar\/\" \/>\n<meta property=\"og:site_name\" content=\"Mike&#039;s Hard ES\" \/>\n<meta property=\"article:modified_time\" content=\"2026-02-18T12:05:10+00:00\" \/>\n<meta name=\"twitter:card\" content=\"summary_large_image\" \/>\n<meta name=\"twitter:label1\" content=\"Tiempo de lectura\" \/>\n\t<meta name=\"twitter:data1\" content=\"1 minuto\" \/>\n<script type=\"application\/ld+json\" class=\"yoast-schema-graph\">{\"@context\":\"https:\/\/schema.org\",\"@graph\":[{\"@type\":\"WebPage\",\"@id\":\"https:\/\/www.mikeshard.com\/es\/products\/mikes-variety-zero-sugar\/\",\"url\":\"https:\/\/www.mikeshard.com\/es\/products\/mikes-variety-zero-sugar\/\",\"name\":\"Zero Sugar \u2013 Caja de sabores surtidos - Mike&#039;s Hard ES\",\"isPartOf\":{\"@id\":\"https:\/\/www.mikeshard.com\/es\/#website\"},\"datePublished\":\"2025-03-06T23:12:16+00:00\",\"dateModified\":\"2026-02-18T12:05:10+00:00\",\"breadcrumb\":{\"@id\":\"https:\/\/www.mikeshard.com\/es\/products\/mikes-variety-zero-sugar\/#breadcrumb\"},\"inLanguage\":\"es\",\"potentialAction\":[{\"@type\":\"ReadAction\",\"target\":[\"https:\/\/www.mikeshard.com\/es\/products\/mikes-variety-zero-sugar\/\"]}]},{\"@type\":\"BreadcrumbList\",\"@id\":\"https:\/\/www.mikeshard.com\/es\/products\/mikes-variety-zero-sugar\/#breadcrumb\",\"itemListElement\":[{\"@type\":\"ListItem\",\"position\":1,\"name\":\"Home\",\"item\":\"https:\/\/www.mikeshard.com\/es\/\"},{\"@type\":\"ListItem\",\"position\":2,\"name\":\"Zero Sugar \u2013 Caja de sabores surtidos\"}]},{\"@type\":\"WebSite\",\"@id\":\"https:\/\/www.mikeshard.com\/es\/#website\",\"url\":\"https:\/\/www.mikeshard.com\/es\/\",\"name\":\"Mike&#039;s Hard ES\",\"description\":\"Nobody Makes Lemonade Like Mike&#039;s\",\"publisher\":{\"@id\":\"https:\/\/www.mikeshard.com\/es\/#organization\"},\"potentialAction\":[{\"@type\":\"SearchAction\",\"target\":{\"@type\":\"EntryPoint\",\"urlTemplate\":\"https:\/\/www.mikeshard.com\/es\/?s={search_term_string}\"},\"query-input\":{\"@type\":\"PropertyValueSpecification\",\"valueRequired\":true,\"valueName\":\"search_term_string\"}}],\"inLanguage\":\"es\"},{\"@type\":\"Organization\",\"@id\":\"https:\/\/www.mikeshard.com\/es\/#organization\",\"name\":\"Mike&#039;s Hard ES\",\"url\":\"https:\/\/www.mikeshard.com\/es\/\",\"logo\":{\"@type\":\"ImageObject\",\"inLanguage\":\"es\",\"@id\":\"https:\/\/www.mikeshard.com\/es\/#\/schema\/logo\/image\/\",\"url\":\"https:\/\/www.mikeshard.com\/es\/wp-content\/uploads\/sites\/2\/2024\/06\/cropped-logo.png\",\"contentUrl\":\"https:\/\/www.mikeshard.com\/es\/wp-content\/uploads\/sites\/2\/2024\/06\/cropped-logo.png\",\"width\":233,\"height\":155,\"caption\":\"Mike&#039;s Hard ES\"},\"image\":{\"@id\":\"https:\/\/www.mikeshard.com\/es\/#\/schema\/logo\/image\/\"}}]}<\/script>\n<!-- \/ Yoast SEO plugin. -->","yoast_head_json":{"title":"Zero Sugar \u2013 Caja de sabores surtidos - Mike&#039;s Hard ES","robots":{"index":"index","follow":"follow","max-snippet":"max-snippet:-1","max-image-preview":"max-image-preview:large","max-video-preview":"max-video-preview:-1"},"canonical":"https:\/\/www.mikeshard.com\/es\/products\/mikes-variety-zero-sugar\/","og_locale":"es_ES","og_type":"article","og_title":"Zero Sugar \u2013 Caja de sabores surtidos - Mike&#039;s Hard ES","og_url":"https:\/\/www.mikeshard.com\/es\/products\/mikes-variety-zero-sugar\/","og_site_name":"Mike&#039;s Hard ES","article_modified_time":"2026-02-18T12:05:10+00:00","twitter_card":"summary_large_image","twitter_misc":{"Tiempo de lectura":"1 minuto"},"schema":{"@context":"https:\/\/schema.org","@graph":[{"@type":"WebPage","@id":"https:\/\/www.mikeshard.com\/es\/products\/mikes-variety-zero-sugar\/","url":"https:\/\/www.mikeshard.com\/es\/products\/mikes-variety-zero-sugar\/","name":"Zero Sugar \u2013 Caja de sabores surtidos - Mike&#039;s Hard ES","isPartOf":{"@id":"https:\/\/www.mikeshard.com\/es\/#website"},"datePublished":"2025-03-06T23:12:16+00:00","dateModified":"2026-02-18T12:05:10+00:00","breadcrumb":{"@id":"https:\/\/www.mikeshard.com\/es\/products\/mikes-variety-zero-sugar\/#breadcrumb"},"inLanguage":"es","potentialAction":[{"@type":"ReadAction","target":["https:\/\/www.mikeshard.com\/es\/products\/mikes-variety-zero-sugar\/"]}]},{"@type":"BreadcrumbList","@id":"https:\/\/www.mikeshard.com\/es\/products\/mikes-variety-zero-sugar\/#breadcrumb","itemListElement":[{"@type":"ListItem","position":1,"name":"Home","item":"https:\/\/www.mikeshard.com\/es\/"},{"@type":"ListItem","position":2,"name":"Zero Sugar \u2013 Caja de sabores surtidos"}]},{"@type":"WebSite","@id":"https:\/\/www.mikeshard.com\/es\/#website","url":"https:\/\/www.mikeshard.com\/es\/","name":"Mike&#039;s Hard ES","description":"Nobody Makes Lemonade Like Mike&#039;s","publisher":{"@id":"https:\/\/www.mikeshard.com\/es\/#organization"},"potentialAction":[{"@type":"SearchAction","target":{"@type":"EntryPoint","urlTemplate":"https:\/\/www.mikeshard.com\/es\/?s={search_term_string}"},"query-input":{"@type":"PropertyValueSpecification","valueRequired":true,"valueName":"search_term_string"}}],"inLanguage":"es"},{"@type":"Organization","@id":"https:\/\/www.mikeshard.com\/es\/#organization","name":"Mike&#039;s Hard ES","url":"https:\/\/www.mikeshard.com\/es\/","logo":{"@type":"ImageObject","inLanguage":"es","@id":"https:\/\/www.mikeshard.com\/es\/#\/schema\/logo\/image\/","url":"https:\/\/www.mikeshard.com\/es\/wp-content\/uploads\/sites\/2\/2024\/06\/cropped-logo.png","contentUrl":"https:\/\/www.mikeshard.com\/es\/wp-content\/uploads\/sites\/2\/2024\/06\/cropped-logo.png","width":233,"height":155,"caption":"Mike&#039;s Hard ES"},"image":{"@id":"https:\/\/www.mikeshard.com\/es\/#\/schema\/logo\/image\/"}}]}},"product_hierarchy":{"category":"Mike\u2019s Hard","subcategory":"Zero Sugar","category_id":24,"subcategory_id":27,"category_slug":"mikes-all-products","subcategory_slug":"mikes-zero-sugar","product_id":2413,"product_name":"Zero Sugar \u2013 Caja de sabores surtidos","menu_order":2},"product_taxonomies":{"product_size":{"id":49,"name":"12oz","slug":"12oz","icon":"https:\/\/www.mikeshard.com\/es\/wp-content\/uploads\/sites\/2\/2026\/02\/product-size-icon-12oz.svg","text":"12oz"},"product_pack":{"id":38,"name":"Caja de 12 latas variadas","slug":"caja-de-12-latas-variadas","icon_type":"number","icon_number":"","icon_image":"","text":"Caja de 12 latas variadas"}},"_links":{"self":[{"href":"https:\/\/www.mikeshard.com\/es\/wp-json\/wp\/v2\/product\/2413","targetHints":{"allow":["GET"]}}],"collection":[{"href":"https:\/\/www.mikeshard.com\/es\/wp-json\/wp\/v2\/product"}],"about":[{"href":"https:\/\/www.mikeshard.com\/es\/wp-json\/wp\/v2\/types\/product"}],"version-history":[{"count":1,"href":"https:\/\/www.mikeshard.com\/es\/wp-json\/wp\/v2\/product\/2413\/revisions"}],"predecessor-version":[{"id":3566,"href":"https:\/\/www.mikeshard.com\/es\/wp-json\/wp\/v2\/product\/2413\/revisions\/3566"}],"wp:attachment":[{"href":"https:\/\/www.mikeshard.com\/es\/wp-json\/wp\/v2\/media?parent=2413"}],"wp:term":[{"taxonomy":"product_type","embeddable":true,"href":"https:\/\/www.mikeshard.com\/es\/wp-json\/wp\/v2\/product_type?post=2413"},{"taxonomy":"product_sizes","embeddable":true,"href":"https:\/\/www.mikeshard.com\/es\/wp-json\/wp\/v2\/product_sizes?post=2413"},{"taxonomy":"product_packs","embeddable":true,"href":"https:\/\/www.mikeshard.com\/es\/wp-json\/wp\/v2\/product_packs?post=2413"}],"curies":[{"name":"wp","href":"https:\/\/api.w.org\/{rel}","templated":true}]}}