{"id":1037,"date":"2024-09-24T23:35:05","date_gmt":"2024-09-24T23:35:05","guid":{"rendered":"https:\/\/mikeshardwwstg.wpenginepowered.com\/es\/?page_id=1037"},"modified":"2025-09-11T15:47:30","modified_gmt":"2025-09-11T15:47:30","slug":"terms-and-conditions","status":"publish","type":"page","link":"https:\/\/www.mikeshard.com\/es\/terms-and-conditions\/","title":{"rendered":"Terms And Conditions"},"content":{"rendered":"\n<div class=\"generic-text-page wp-block-markanthonygroup-generic-text-page\" style=\"--background-image-desktop: url(https:\/\/www.mikeshard.com\/es\/wp-content\/uploads\/sites\/2\/2025\/02\/utility-page-bg-1.png); --background-image-mobile: url(https:\/\/www.mikeshard.com\/es\/wp-content\/uploads\/sites\/2\/2025\/02\/utility-page-bg-2.png); \">\n    <div class=\"page-container\">\n        \n\n<p><\/p>\n\n\n\n<h1 class=\"wp-block-heading alignwide\">T\u00e9rminos de Uso<\/h1>\n\n\n\n<h4 class=\"wp-block-heading\"><\/h4>\n\n\n\n<p><strong>1. USO DEL SITIO<\/strong><\/p>\n\n\n\n<p>1.1Su acceso a este sitio y su utilizaci\u00f3n del mismo est\u00e1n sujetos a todas las leyes y normas pertinentes que puedan aplicarse a este sitio, a Internet y\/o a la red, as\u00ed como a estos t\u00e9rminos y condiciones. Su acceso a este sitio y\/o su utilizaci\u00f3n del mismo constituyen su aceptaci\u00f3n de estos t\u00e9rminos y condiciones sin reservas, limitaciones ni restricciones.<\/p>\n\n\n\n<p>1.2No puede utilizar este sitio si alguna de las siguientes condiciones se aplica a su situaci\u00f3n:<\/p>\n\n\n\n<ol class=\"wp-block-list\" start=\"1\" style=\"list-style-type:lower-alpha\" class=\"wp-block-list\">\n<li class=\"wp-block-list-item\">No tiene la edad legal para consumir bebidas alcoh\u00f3licas en la jurisdicci\u00f3n desde la que obtiene acceso a este sitio (\u201cSu jurisdicci\u00f3n\u201d);<\/li>\n\n\n\n<li class=\"wp-block-list-item\">es ilegal por alguna otra causa que usted acceda, vea y\/o use este sitio en Su jurisdicci\u00f3n;<\/li>\n\n\n\n<li class=\"wp-block-list-item\">el consumo, uso o promoci\u00f3n de las bebidas alcoh\u00f3licas y\/o del alcohol es ilegal en Su jurisdicci\u00f3n. Si cualquiera de dichas condiciones se aplica a su situaci\u00f3n, le pedimos que salga de este sitio inmediatamente. Si no sale del sitio, se considerar\u00e1 a todos los efectos que usted ha declarado que ninguna de estas condiciones se aplica a su situaci\u00f3n.<\/li>\n<\/ol>\n\n\n\n<p>1.3Este sitio se mantiene en l\u00ednea exclusivamente para el uso personal y el entretenimiento de aquellas personas que residen en jurisdicciones donde se permite el uso y el consumo de alcohol, y que tienen la edad legal para consumir alcohol en dichas jurisdicciones.<\/p>\n\n\n\n<p>1.4La informaci\u00f3n que el operador del sitio publica en el mismo se tiene por correcta al momento de la publicaci\u00f3n, pero no se garantiza ni se manifiesta de ninguna manera que lo sea. Cualquier uso o confianza depositada en dicha informaci\u00f3n corre bajo su propia responsabilidad. Su acceso y\/o uso de este sitio se realizan estrictamente en el estado en el que se encuentra el sitio y no debe asumir que este sitio est\u00e1 libre de errores ni que funcionar\u00e1 sin interrupciones o de la manera prevista.<\/p>\n\n\n\n<p>1.5Mike&#8217;s se reserva el derecho de alterar, actualizar, complementar y\/o revisar estos t\u00e9rminos y condiciones en cualquier momento y ocasionalmente. Todas esas alteraciones, actualizaciones, adiciones o revisiones entrar\u00e1n en vigor de forma inmediata al ser publicadas en este sitio.<\/p>\n\n\n\n<p><strong>2. MARCAS REGISTRADAS Y DERECHOS DE AUTOR<\/strong><\/p>\n\n\n\n<p>2.1\u00ae es una marca comercial registrada de Mike\u2019s Hard Lemonade Co. y \u2122 es una marca registrada de Mike\u2019s Hard Lemonade Co. \u00a9 2021 Mike\u2019s Hard Lemonade Co. Todas las referencias a \u201cMike\u2019s\u201d contenidas en este sitio (salvo las referencias a la marca registrada MIKE\u2019S\u00ae propiamente dicha) son referencias al propietario y\/o licenciatario(s) de dichas marcas registradas en Su jurisdicci\u00f3n, y todos los derechos en relaci\u00f3n con todas esas marcas registradas est\u00e1n reservados.<\/p>\n\n\n\n<p>2.2Salvo declaraci\u00f3n en contrario, todo lo que ve o lee en este sitio est\u00e1 protegido por derechos de autor y usted no puede usar ninguno de los contenidos de este sitio sin la autorizaci\u00f3n escrita de Mike\u2019s, con excepci\u00f3n de lo dispuesto en estos t\u00e9rminos y condiciones o en el texto del sitio. Mike\u2019s no garantiza ni manifiesta que, en caso de usar los materiales que aparecen o que se descargan de este sitio, usted no est\u00e9 infringiendo los derechos de terceros que no est\u00e9n afiliados ni sean propiedad de Mike\u2019s.<\/p>\n\n\n\n<p>2.3Ninguno de los contenidos de este sitio debe interpretarse como un otorgamiento, ya sea t\u00e1citamente, por impedimento legal o de alguna otra forma, de una licencia o derecho a usar cualquiera de las marcas registradas, logotipos, marcas de servicio o dise\u00f1os que aparecen en este sitio sin la autorizaci\u00f3n escrita de Mike\u2019s o de cualquier tercero que pueda ser propietario de dicho elemento que aparece en el sitio. Est\u00e1 estrictamente prohibido utilizar las marcas registradas, los logotipos, las marcas de servicio, los dise\u00f1os y otros elementos de propiedad intelectual que aparecen en este sitio, as\u00ed como todos los dem\u00e1s contenidos de este sitio, salvo y exclusivamente en la medida limitada que se autoriza expresamente en estos t\u00e9rminos y condiciones. En caso de que usted infrinja cualquiera de estos t\u00e9rminos y condiciones, Mike\u2019s emplear\u00e1 todos los medios legales a su alcance para hacer respetar sus derechos de propiedad intelectual.<\/p>\n\n\n\n<p><strong>3. REMISIONES<\/strong><\/p>\n\n\n\n<p>3.1Todos los materiales o comunicaciones que usted transmita por a trav\u00e9s de este sitio, por correo electr\u00f3nico o por cualquier otro medio a Mike\u2019s, entre los que se incluyen todos los datos, preguntas, comentarios, sugerencias o comunicaciones similares (denominados colectivamente \u201cRemisi\u00f3n\u201d o \u201cRemisiones\u201d), son informaci\u00f3n no confidencial y de dominio p\u00fablico y ser\u00e1n tratados como tal. Toda Remisi\u00f3n que usted transmita o publique pasar\u00e1 a ser propiedad de Mike\u2019s y sus afiliados y podr\u00e1 ser utilizada y aprovechada con cualquier prop\u00f3sito, entre lo que se incluye, sin car\u00e1cter taxativo, la reproducci\u00f3n, divulgaci\u00f3n, transmisi\u00f3n, publicaci\u00f3n, emisi\u00f3n, difusi\u00f3n mediante post y cualquier otra explotaci\u00f3n de cualquier tipo, ya sea para obtener un beneficio comercial o con otro fin y vinculando o no su nombre al material, seg\u00fan lo considere oportuno Mike\u2019s. Mike\u2019s es libre de usar cualquier idea, concepto, conocimiento o t\u00e9cnica contenidos en cualquiera de las Remisiones con absolutamente cualquier prop\u00f3sito, entre lo que se incluye, sin car\u00e1cter taxativo, el desarrollo, la fabricaci\u00f3n y la comercializaci\u00f3n de productos que utilicen dicha informaci\u00f3n. A este respecto, al transmitir cualquier Remisi\u00f3n a Mike\u2019s, se considerar\u00e1 a todos los efectos que usted ha cedido y transferido a Mike\u2019s todos los derechos de autor, de marcas registradas y otros derechos de propiedad intelectual sobre la Remisi\u00f3n, y que ha renunciado y abdicado de forma irrevocable a todos los derechos morales y\/o de la personalidad sobre y en relaci\u00f3n con la Remisi\u00f3n, y adem\u00e1s reconoce y acuerda que la acci\u00f3n de hacer clic en el \u201cBot\u00f3n que confirma su aceptaci\u00f3n de estos t\u00e9rminos y condiciones\u201d, lo cual es necesario para enviar una Remisi\u00f3n, se considerar\u00e1 a todos los efectos como su firma electr\u00f3nica de estos t\u00e9rminos y condiciones. Mike\u2019s es libre de usar cualquier idea, concepto, conocimiento o t\u00e9cnica contenidos en cualquiera de las Remisiones con absolutamente cualquier prop\u00f3sito.<\/p>\n\n\n\n<p>3.2Sin \u00e1nimo de limitar el car\u00e1cter general de las disposiciones de la secci\u00f3n 3.1 que antecede, usted acuerda firmar y enviar a Mike\u2019s todos los documentos y garant\u00edas adicionales que Mike\u2019s pueda solicitarle en relaci\u00f3n con las cesiones, transferencias, renuncias y exenciones contempladas en dicha secci\u00f3n cuando se le haga dicho pedido.<\/p>\n\n\n\n<p>3.3Mike\u2019s no es responsable de ninguna Remisi\u00f3n que pueda publicarse en cualquier foro o grupo de noticias operado o accesible a trav\u00e9s de este sitio, y Mike\u2019s tendr\u00e1 derecho (pero no tendr\u00e1 la obligaci\u00f3n de hacerlo) a eliminar de dicho foro o grupo de noticias cualquier cosa que crea pertinente eliminar por cualquier motivo. Usted deber\u00e1 abstenerse de remitir o publicar de alguna otra forma a trav\u00e9s de este sitio o a trav\u00e9s de dichos foros o grupos de noticias cualquier cosa que:<\/p>\n\n\n\n<ol class=\"wp-block-list\" start=\"1\" style=\"list-style-type:lower-alpha\" class=\"wp-block-list\">\n<li class=\"wp-block-list-item\">difame, injurie o invada la privacidad de cualquier persona;<\/li>\n\n\n\n<li class=\"wp-block-list-item\">sea obscena, pornogr\u00e1fica, abusiva o amenazadora;<\/li>\n\n\n\n<li class=\"wp-block-list-item\">infrinja cualquier derecho de propiedad intelectual u otro derecho de cualquier persona f\u00edsica o jur\u00eddica, entre los que se incluyen, sin car\u00e1cter taxativo, los derechos de autor y marcas registradas;<\/li>\n\n\n\n<li class=\"wp-block-list-item\">viole cualquier ley;<\/li>\n\n\n\n<li class=\"wp-block-list-item\">promueva o describa cualquier actividad ilegal; o<\/li>\n\n\n\n<li class=\"wp-block-list-item\">promocione o solicite fondos por bienes y servicios.<\/li>\n<\/ol>\n\n\n\n<p><strong>4. RESPONSABILIDAD LIMITADA E INDEMNIDAD<\/strong><\/p>\n\n\n\n<p>4.1La utilizaci\u00f3n de este sitio y la navegaci\u00f3n por el mismo corren bajo su propia responsabilidad. Ni Mike\u2019s ni ninguno de sus directores, funcionarios, empleados o agencias, ni ning\u00fan tercero que haya estado involucrado en la creaci\u00f3n, producci\u00f3n, transmisi\u00f3n u operaci\u00f3n de este sitio, est\u00e1n sujetos a responsabilidad por ning\u00fan da\u00f1o o perjuicio directo, accesorio, emergente, indirecto o punitivo procedente de su acceso a este sitio o su utilizaci\u00f3n del mismo, ni por ninguna consecuencia derivada de los mismos, lo cual incluye, sin car\u00e1cter taxativo, los virus inform\u00e1ticos que puedan infectar o provocar otros da\u00f1os a sus computadoras u otros bienes como resultado de su acceso, utilizaci\u00f3n o navegaci\u00f3n de este sitio o la descarga de cualquier material, dato, texto, imagen, video o archivo de audio de este sitio.<\/p>\n\n\n\n<p>4.2Sin \u00e1nimo de limitar el car\u00e1cter general de las disposiciones de la secci\u00f3n 4.1, todos los contenidos de este sitio se ponen a su disposici\u00f3n sin garant\u00eda alguna ni declaraci\u00f3n de ning\u00fan tipo, ya sean t\u00e1citas o expresas, lo cual incluye, sin car\u00e1cter taxativo, las garant\u00edas t\u00e1citas de comercializaci\u00f3n, adecuaci\u00f3n para un determinado prop\u00f3sito, no vulneraci\u00f3n y cualquier otra garant\u00eda que pudiera considerarse impl\u00edcita seg\u00fan las normas vigentes en cada jurisdicci\u00f3n, a menos que en Su jurisdicci\u00f3n no se permita o se restrinja la exclusi\u00f3n de todas o algunas de dichas garant\u00edas t\u00e1citas o expresas, en cuyo caso dichas garant\u00edas t\u00e1citas o expresas se excluyen con el m\u00e1ximo alcance permitido por la ley en Su jurisdicci\u00f3n.<\/p>\n\n\n\n<p>4.3Usted se compromete a mantener indemnes y eximir de responsabilidad a Mike\u2019s y sus funcionarios, directores, empleados, agentes y distribuidores en relaci\u00f3n con todos y cada uno de los reclamos, demandas, responsabilidades, costos y gastos de cualquier tipo, lo cual incluye, sin car\u00e1cter taxativo, los estipendios y honorarios legales razonables que resulten directa o indirectamente de lo siguiente:<\/p>\n\n\n\n<ol class=\"wp-block-list\" start=\"1\" style=\"list-style-type:lower-alpha\" class=\"wp-block-list\">\n<li class=\"wp-block-list-item\">su violaci\u00f3n de cualquiera de los acuerdos, declaraciones o garant\u00edas dispuestos en estos t\u00e9rminos y condiciones;<\/li>\n\n\n\n<li class=\"wp-block-list-item\">su acceso o utilizaci\u00f3n de este sitio o de cualquier sitio que est\u00e9 o pueda estar enlazado a este sitio ocasionalmente, o su uso, confianza, publicaci\u00f3n, comunicaci\u00f3n o distribuci\u00f3n de cualquier cosa de o desde este sitio u otro sitio que pueda estar enlazado a este sitio ocasionalmente; y\/o<\/li>\n\n\n\n<li class=\"wp-block-list-item\">su violaci\u00f3n de cualquier ley o norma.<\/li>\n<\/ol>\n\n\n\n<p><strong>5. ASUNTOS DE PRIVACIDAD Y CONFIDENCIALIDAD<\/strong><\/p>\n\n\n\n<p>5.1A menos que est\u00e9 encriptada, la informaci\u00f3n que se env\u00eda y recibe por Internet no est\u00e1 protegida y Mike\u2019s no puede realizar ni de hecho realiza ninguna declaraci\u00f3n, garant\u00eda o promesa en lo concerniente a la interceptaci\u00f3n de su informaci\u00f3n personal u otro tipo de informaci\u00f3n por parte de terceros. Mike\u2019s no se hace responsable de ning\u00fan da\u00f1o o perjuicio que usted o un tercero pudieran sufrir como consecuencia o en relaci\u00f3n con la transmisi\u00f3n de dicha informaci\u00f3n desde o hacia Mike\u2019s a trav\u00e9s de este sitio.<\/p>\n\n\n\n<p>5.2Cuando usted entra o utiliza este sitio, Mike\u2019s tiene la capacidad de recopilar, y de hecho puede que recopile, cierta informaci\u00f3n sobre usted y su uso del sitio web. Al hacerlo, Mike\u2019s cumplir\u00e1 con la Pol\u00edtica de privacidad en l\u00ednea de Mike\u2019s. Para obtener acceso al texto completo de la Pol\u00edtica de privacidad, haga clic aqu\u00ed.<\/p>\n\n\n\n<p><strong>6. SITIOS ENLAZADOS<\/strong><\/p>\n\n\n\n<p>6.1En caso y en la medida que otros sitios de la red est\u00e9n enlazados a este sitio en cualquier momento, Mike\u2019s no se hace responsable del contenido de ninguno de dichos sitios enlazados al nuestro ni de ning\u00fan enlace contenido en dichos sitios enlazados. Mike\u2019s se reserva el derecho a cancelar cualquier enlace o programa de enlace en cualquier momento y la existencia de enlaces de cualquier sitio al nuestro o del nuestro a cualquier otro sitio no implica apoyo alguno por parte de Mike\u2019s a las empresas, productos o informaci\u00f3n que se ofrecen, describen o brindan en dichos sitios enlazados o a trav\u00e9s de dichos sitios. Si usted decide visitar cualquier sitio con enlaces hacia o desde este sitio, lo hace bajo su exclusiva responsabilidad. Mike\u2019s se reserva el derecho de alterar, actualizar, complementar y\/o revisar estos t\u00e9rminos y condiciones en cualquier momento y ocasionalmente. Todas esas alteraciones, actualizaciones, adiciones o revisiones entrar\u00e1n en vigor de forma inmediata al ser publicadas en este sitio.<\/p>\n\n    <\/div>\n<\/div>\n\n<p><!-- \/wp:post-content --><\/p>","protected":false},"excerpt":{"rendered":"","protected":false},"author":4,"featured_media":0,"parent":0,"menu_order":9,"comment_status":"closed","ping_status":"closed","template":"","meta":{"_acf_changed":false,"footnotes":""},"class_list":["post-1037","page","type-page","status-publish","hentry"],"acf":[],"yoast_head":"<!-- This site is optimized with the Yoast SEO plugin v27.4 - https:\/\/yoast.com\/product\/yoast-seo-wordpress\/ -->\n<title>Terms And Conditions - Mike&#039;s Hard ES<\/title>\n<meta name=\"description\" content=\"T\u00e9rminos y condiciones de uso del sitio web de Mike\u2019s Hard.\" \/>\n<meta name=\"robots\" content=\"index, follow, max-snippet:-1, max-image-preview:large, max-video-preview:-1\" \/>\n<link rel=\"canonical\" href=\"https:\/\/www.mikeshard.com\/es\/terms-and-conditions\/\" \/>\n<meta property=\"og:locale\" content=\"es_ES\" \/>\n<meta property=\"og:type\" content=\"article\" \/>\n<meta property=\"og:title\" content=\"Terms And Conditions - Mike&#039;s Hard ES\" \/>\n<meta property=\"og:description\" content=\"T\u00e9rminos y condiciones de uso del sitio web de Mike\u2019s Hard.\" \/>\n<meta property=\"og:url\" content=\"https:\/\/www.mikeshard.com\/es\/terms-and-conditions\/\" \/>\n<meta property=\"og:site_name\" content=\"Mike&#039;s Hard ES\" \/>\n<meta property=\"article:modified_time\" content=\"2025-09-11T15:47:30+00:00\" \/>\n<meta name=\"twitter:card\" content=\"summary_large_image\" \/>\n<meta name=\"twitter:label1\" content=\"Tiempo de lectura\" \/>\n\t<meta name=\"twitter:data1\" content=\"9 minutos\" \/>\n<script type=\"application\/ld+json\" class=\"yoast-schema-graph\">{\"@context\":\"https:\\\/\\\/schema.org\",\"@graph\":[{\"@type\":\"WebPage\",\"@id\":\"https:\\\/\\\/www.mikeshard.com\\\/es\\\/terms-and-conditions\\\/\",\"url\":\"https:\\\/\\\/www.mikeshard.com\\\/es\\\/terms-and-conditions\\\/\",\"name\":\"Terms And Conditions - Mike&#039;s Hard ES\",\"isPartOf\":{\"@id\":\"https:\\\/\\\/www.mikeshard.com\\\/es\\\/#website\"},\"datePublished\":\"2024-09-24T23:35:05+00:00\",\"dateModified\":\"2025-09-11T15:47:30+00:00\",\"description\":\"T\u00e9rminos y condiciones de uso del sitio web de Mike\u2019s Hard.\",\"breadcrumb\":{\"@id\":\"https:\\\/\\\/www.mikeshard.com\\\/es\\\/terms-and-conditions\\\/#breadcrumb\"},\"inLanguage\":\"es\",\"potentialAction\":[{\"@type\":\"ReadAction\",\"target\":[\"https:\\\/\\\/www.mikeshard.com\\\/es\\\/terms-and-conditions\\\/\"]}]},{\"@type\":\"BreadcrumbList\",\"@id\":\"https:\\\/\\\/www.mikeshard.com\\\/es\\\/terms-and-conditions\\\/#breadcrumb\",\"itemListElement\":[{\"@type\":\"ListItem\",\"position\":1,\"name\":\"Home\",\"item\":\"https:\\\/\\\/www.mikeshard.com\\\/es\\\/\"},{\"@type\":\"ListItem\",\"position\":2,\"name\":\"Terms And Conditions\"}]},{\"@type\":\"WebSite\",\"@id\":\"https:\\\/\\\/www.mikeshard.com\\\/es\\\/#website\",\"url\":\"https:\\\/\\\/www.mikeshard.com\\\/es\\\/\",\"name\":\"Mike&#039;s Hard ES\",\"description\":\"Nobody Makes Lemonade Like Mike&#039;s\",\"publisher\":{\"@id\":\"https:\\\/\\\/www.mikeshard.com\\\/es\\\/#organization\"},\"potentialAction\":[{\"@type\":\"SearchAction\",\"target\":{\"@type\":\"EntryPoint\",\"urlTemplate\":\"https:\\\/\\\/www.mikeshard.com\\\/es\\\/?s={search_term_string}\"},\"query-input\":{\"@type\":\"PropertyValueSpecification\",\"valueRequired\":true,\"valueName\":\"search_term_string\"}}],\"inLanguage\":\"es\"},{\"@type\":\"Organization\",\"@id\":\"https:\\\/\\\/www.mikeshard.com\\\/es\\\/#organization\",\"name\":\"Mike&#039;s Hard ES\",\"url\":\"https:\\\/\\\/www.mikeshard.com\\\/es\\\/\",\"logo\":{\"@type\":\"ImageObject\",\"inLanguage\":\"es\",\"@id\":\"https:\\\/\\\/www.mikeshard.com\\\/es\\\/#\\\/schema\\\/logo\\\/image\\\/\",\"url\":\"https:\\\/\\\/www.mikeshard.com\\\/es\\\/wp-content\\\/uploads\\\/sites\\\/2\\\/2024\\\/06\\\/cropped-logo.png\",\"contentUrl\":\"https:\\\/\\\/www.mikeshard.com\\\/es\\\/wp-content\\\/uploads\\\/sites\\\/2\\\/2024\\\/06\\\/cropped-logo.png\",\"width\":233,\"height\":155,\"caption\":\"Mike&#039;s Hard ES\"},\"image\":{\"@id\":\"https:\\\/\\\/www.mikeshard.com\\\/es\\\/#\\\/schema\\\/logo\\\/image\\\/\"}}]}<\/script>\n<!-- \/ Yoast SEO plugin. -->","yoast_head_json":{"title":"Terms And Conditions - Mike&#039;s Hard ES","description":"T\u00e9rminos y condiciones de uso del sitio web de Mike\u2019s Hard.","robots":{"index":"index","follow":"follow","max-snippet":"max-snippet:-1","max-image-preview":"max-image-preview:large","max-video-preview":"max-video-preview:-1"},"canonical":"https:\/\/www.mikeshard.com\/es\/terms-and-conditions\/","og_locale":"es_ES","og_type":"article","og_title":"Terms And Conditions - Mike&#039;s Hard ES","og_description":"T\u00e9rminos y condiciones de uso del sitio web de Mike\u2019s Hard.","og_url":"https:\/\/www.mikeshard.com\/es\/terms-and-conditions\/","og_site_name":"Mike&#039;s Hard ES","article_modified_time":"2025-09-11T15:47:30+00:00","twitter_card":"summary_large_image","twitter_misc":{"Tiempo de lectura":"9 minutos"},"schema":{"@context":"https:\/\/schema.org","@graph":[{"@type":"WebPage","@id":"https:\/\/www.mikeshard.com\/es\/terms-and-conditions\/","url":"https:\/\/www.mikeshard.com\/es\/terms-and-conditions\/","name":"Terms And Conditions - Mike&#039;s Hard ES","isPartOf":{"@id":"https:\/\/www.mikeshard.com\/es\/#website"},"datePublished":"2024-09-24T23:35:05+00:00","dateModified":"2025-09-11T15:47:30+00:00","description":"T\u00e9rminos y condiciones de uso del sitio web de Mike\u2019s Hard.","breadcrumb":{"@id":"https:\/\/www.mikeshard.com\/es\/terms-and-conditions\/#breadcrumb"},"inLanguage":"es","potentialAction":[{"@type":"ReadAction","target":["https:\/\/www.mikeshard.com\/es\/terms-and-conditions\/"]}]},{"@type":"BreadcrumbList","@id":"https:\/\/www.mikeshard.com\/es\/terms-and-conditions\/#breadcrumb","itemListElement":[{"@type":"ListItem","position":1,"name":"Home","item":"https:\/\/www.mikeshard.com\/es\/"},{"@type":"ListItem","position":2,"name":"Terms And Conditions"}]},{"@type":"WebSite","@id":"https:\/\/www.mikeshard.com\/es\/#website","url":"https:\/\/www.mikeshard.com\/es\/","name":"Mike&#039;s Hard ES","description":"Nobody Makes Lemonade Like Mike&#039;s","publisher":{"@id":"https:\/\/www.mikeshard.com\/es\/#organization"},"potentialAction":[{"@type":"SearchAction","target":{"@type":"EntryPoint","urlTemplate":"https:\/\/www.mikeshard.com\/es\/?s={search_term_string}"},"query-input":{"@type":"PropertyValueSpecification","valueRequired":true,"valueName":"search_term_string"}}],"inLanguage":"es"},{"@type":"Organization","@id":"https:\/\/www.mikeshard.com\/es\/#organization","name":"Mike&#039;s Hard ES","url":"https:\/\/www.mikeshard.com\/es\/","logo":{"@type":"ImageObject","inLanguage":"es","@id":"https:\/\/www.mikeshard.com\/es\/#\/schema\/logo\/image\/","url":"https:\/\/www.mikeshard.com\/es\/wp-content\/uploads\/sites\/2\/2024\/06\/cropped-logo.png","contentUrl":"https:\/\/www.mikeshard.com\/es\/wp-content\/uploads\/sites\/2\/2024\/06\/cropped-logo.png","width":233,"height":155,"caption":"Mike&#039;s Hard ES"},"image":{"@id":"https:\/\/www.mikeshard.com\/es\/#\/schema\/logo\/image\/"}}]}},"_links":{"self":[{"href":"https:\/\/www.mikeshard.com\/es\/wp-json\/wp\/v2\/pages\/1037","targetHints":{"allow":["GET"]}}],"collection":[{"href":"https:\/\/www.mikeshard.com\/es\/wp-json\/wp\/v2\/pages"}],"about":[{"href":"https:\/\/www.mikeshard.com\/es\/wp-json\/wp\/v2\/types\/page"}],"author":[{"embeddable":true,"href":"https:\/\/www.mikeshard.com\/es\/wp-json\/wp\/v2\/users\/4"}],"replies":[{"embeddable":true,"href":"https:\/\/www.mikeshard.com\/es\/wp-json\/wp\/v2\/comments?post=1037"}],"version-history":[{"count":0,"href":"https:\/\/www.mikeshard.com\/es\/wp-json\/wp\/v2\/pages\/1037\/revisions"}],"wp:attachment":[{"href":"https:\/\/www.mikeshard.com\/es\/wp-json\/wp\/v2\/media?parent=1037"}],"curies":[{"name":"wp","href":"https:\/\/api.w.org\/{rel}","templated":true}]}}